{"id":24,"date":"2025-04-13T03:45:30","date_gmt":"2025-04-13T00:45:30","guid":{"rendered":"https:\/\/inankeskin.com\/?page_id=24"},"modified":"2025-04-13T12:51:18","modified_gmt":"2025-04-13T09:51:18","slug":"insaat-muhendisleri-icin-jeoloji","status":"publish","type":"page","link":"https:\/\/inankeskin.com\/index.php\/ders-notlari\/insaat-muhendisleri-icin-jeoloji\/","title":{"rendered":"\u0130n\u015faat M\u00fchendisleri i\u00e7in Jeoloji"},"content":{"rendered":"\n<div class=\"wp-block-group\"><div class=\"wp-block-group__inner-container is-layout-constrained wp-block-group-is-layout-constrained\">\n<p><strong>Engineering Geology for Civil Engineers<\/strong> introduces fundamental geological concepts tailored for future civil engineers. The course covers topics such as Earth&#8217;s structure and tectonics, rock and mineral classifications, geologic mapping, natural hazards (e.g., earthquakes, landslides), and subsurface exploration methods. It emphasizes the role of geological conditions in design and construction, particularly in foundation engineering, tunneling, slope stability, and site selection.<\/p>\n\n\n\n<p>Through this course, students will:<\/p>\n\n\n\n<ul class=\"wp-block-list\">\n<li>Gain awareness of subsurface materials and processes affecting engineering decisions.<\/li>\n\n\n\n<li>Interpret geological maps and cross-sections critical for site investigation.<\/li>\n\n\n\n<li>Understand the significance of geological hazards in civil engineering projects.<\/li>\n\n\n\n<li>Develop a multidisciplinary perspective by integrating geological data into engineering analysis and design.<\/li>\n<\/ul>\n\n\n\n<p>By combining theoretical knowledge with applied case studies and weekly modules, this course aims to equip students with the geological literacy necessary to approach real-world engineering challenges confidently.<\/p>\n\n\n\n<p><\/p>\n\n\n\n<p>Hafta 1:\u00a0 \u00a0Giri\u015f; Jeolojinin tan\u0131m\u0131-alt disiplinleri, \u0130n\u015faat m\u00fchendisli\u011fi ile ili\u015fkisi <a href=\"https:\/\/inankeskin.com\/pdf\/INMJeo_1.pdf\" data-type=\"link\" data-id=\"https:\/\/inankeskin.com\/pdf\/INMJeo_1.pdf\">pdf<\/a><\/p>\n<\/div><\/div>\n\n\n\n<p>Hafta 2:\u00a0 \u00a0Yerk\u00fcrenin olu\u015fumu, i\u00e7 yap\u0131s\u0131, bile\u015fimi ve levha tektoni\u011fi <a href=\"https:\/\/inankeskin.com\/pdf\/INMJeo_2.pdf\" data-type=\"link\" data-id=\"https:\/\/inankeskin.com\/pdf\/INMJeo_2.pdf\">pdf<\/a><\/p>\n\n\n\n<p>Hafta 3:\u00a0 \u00a0Yer kabu\u011funu olu\u015fturan mineraller ve kaya\u00e7 gruplar\u0131 <a href=\"https:\/\/inankeskin.com\/pdf\/INMJeo_3.pdf\" data-type=\"link\" data-id=\"https:\/\/inankeskin.com\/pdf\/INMJeo_3.pdf\">pdf<\/a><\/p>\n\n\n\n<p>Hafta 4:\u00a0 \u00a0Kaya\u00e7lar\u0131n yap\u0131s\u0131 (birincil ve ikincil yap\u0131lar) ve S\u00fcreksizliklerin m\u00fchendislikteki \u00f6nemi <a href=\"https:\/\/inankeskin.com\/pdf\/INMJeo_4.pdf\" data-type=\"link\" data-id=\"https:\/\/inankeskin.com\/pdf\/INMJeo_4.pdf\">pdf<\/a><\/p>\n\n\n\n<p>Hafta 5:\u00a0 \u00a0Haritalar ve kesit \u00e7\u0131kar\u0131m\u0131 (Jeoloji-M\u00fchendislik Jeolojisi ve topografik haritalar) <a href=\"https:\/\/inankeskin.com\/pdf\/INMJeo_5.pdf\" data-type=\"link\" data-id=\"https:\/\/inankeskin.com\/pdf\/INMJeo_5.pdf\">pdf<\/a><\/p>\n\n\n\n<p>Hafta 6:\u00a0 \u00a0Do\u011fal afetlere giri\u015f, Depremler <a href=\"https:\/\/inankeskin.com\/pdf\/INMJeo_6.pdf\" data-type=\"link\" data-id=\"https:\/\/inankeskin.com\/pdf\/INMJeo_6.pdf\">pdf<\/a><\/p>\n\n\n\n<p>Hafta 7:\u00a0 \u00a0K\u00fctle hareketleri ve heyelanlar <a href=\"https:\/\/inankeskin.com\/pdf\/INMJeo_7.pdf\" data-type=\"link\" data-id=\"https:\/\/inankeskin.com\/pdf\/INMJeo_7.pdf\">pdf<\/a><\/p>\n\n\n\n<p>Hafta 8:\u00a0 \u00a0Y\u00fczey sular\u0131 ve K\u0131y\u0131 s\u00fcre\u00e7leri <a href=\"https:\/\/inankeskin.com\/pdf\/INMJeo_8.pdf\" data-type=\"link\" data-id=\"https:\/\/inankeskin.com\/pdf\/INMJeo_8.pdf\">pdf<\/a><\/p>\n\n\n\n<p>Hafta 9:\u00a0 \u00a0Yeralt\u0131 sular\u0131 ve jeolojisi p<a href=\"https:\/\/inankeskin.com\/pdf\/INMJeo_9.pdf\" data-type=\"link\" data-id=\"https:\/\/inankeskin.com\/pdf\/INMJeo_9.pdf\">https:\/\/inankeskin.com\/pdf\/INMJeo_9.pdf<\/a>df<\/p>\n\n\n\n<p>Hafta 10:\u00a0 \u00a0Baraj ve rezervuar jeolojisi\u00a0 <a href=\"https:\/\/inankeskin.com\/pdf\/INMJeo_10.pdf\" data-type=\"link\" data-id=\"https:\/\/inankeskin.com\/pdf\/INMJeo_10.pdf\">pdf<\/a><\/p>\n\n\n\n<p>Hafta 11:\u00a0 \u00a0T\u00fcnel jeolojisi <a href=\"https:\/\/inankeskin.com\/pdf\/INMJeo_11.pdf\" data-type=\"link\" data-id=\"https:\/\/inankeskin.com\/pdf\/INMJeo_11.pdf\">pdf<\/a><\/p>\n\n\n\n<p>Hafta 12:\u00a0 \u00a0Sondaj tekni\u011fi ve korelasyonu <a href=\"https:\/\/inankeskin.com\/pdf\/INMJeo_12.pdf\" data-type=\"link\" data-id=\"https:\/\/inankeskin.com\/pdf\/INMJeo_12.pdf\">pdf<\/a><\/p>\n\n\n\n<p>Hafta 13:\u00a0 \u00a0Kent planlamas\u0131nda m\u00fchendislik jeolojisi <a href=\"https:\/\/inankeskin.com\/pdf\/INMJeo_13.pdf\" data-type=\"link\" data-id=\"https:\/\/inankeskin.com\/pdf\/INMJeo_13.pdf\">pdf<\/a><\/p>\n\n\n\n<p>Hafta 14:\u00a0 \u00a0\u00c7e\u015fitli projeler kapsam\u0131nda yap\u0131lan jeolojik \u00e7al\u0131\u015fma \u00f6rnekleri <a href=\"https:\/\/inankeskin.com\/pdf\/INMJeo_14.pdf\" data-type=\"link\" data-id=\"https:\/\/inankeskin.com\/pdf\/INMJeo_14.pdf\">pdf<\/a><\/p>\n\n\n\n<p>Not:&nbsp; Bu ders i\u00e7in Ara S\u0131nav, 7. ve 15. haftalar aras\u0131ndaki bir tarihte yap\u0131l\u0131r. S\u0131nav\u0131n yap\u0131ld\u0131\u011f\u0131 tarihten itibaren konular bir hafta ileri al\u0131n\u0131r. &nbsp;<\/p>\n\n\n\n<p><\/p>\n","protected":false},"excerpt":{"rendered":"<p>Engineering Geology for Civil Engineers introduces fundamental geological concepts tailored for future civil engineers. The course covers topics such as Earth&#8217;s structure and tectonics, rock and mineral classifications, geologic mapping, natural hazards (e.g., earthquakes, landslides), and subsurface exploration methods. It emphasizes the role of geological conditions in design and construction, particularly in foundation engineering, tunneling,&hellip;&nbsp;<a href=\"https:\/\/inankeskin.com\/index.php\/ders-notlari\/insaat-muhendisleri-icin-jeoloji\/\" rel=\"bookmark\"><span class=\"screen-reader-text\">\u0130n\u015faat M\u00fchendisleri i\u00e7in Jeoloji<\/span><\/a><\/p>\n","protected":false},"author":1,"featured_media":0,"parent":14,"menu_order":0,"comment_status":"closed","ping_status":"closed","template":"","meta":{"neve_meta_sidebar":"","neve_meta_container":"","neve_meta_enable_content_width":"","neve_meta_content_width":0,"neve_meta_title_alignment":"","neve_meta_author_avatar":"","neve_post_elements_order":"","neve_meta_disable_header":"","neve_meta_disable_footer":"","neve_meta_disable_title":"","footnotes":""},"class_list":["post-24","page","type-page","status-publish","hentry"],"_links":{"self":[{"href":"https:\/\/inankeskin.com\/index.php\/wp-json\/wp\/v2\/pages\/24","targetHints":{"allow":["GET"]}}],"collection":[{"href":"https:\/\/inankeskin.com\/index.php\/wp-json\/wp\/v2\/pages"}],"about":[{"href":"https:\/\/inankeskin.com\/index.php\/wp-json\/wp\/v2\/types\/page"}],"author":[{"embeddable":true,"href":"https:\/\/inankeskin.com\/index.php\/wp-json\/wp\/v2\/users\/1"}],"replies":[{"embeddable":true,"href":"https:\/\/inankeskin.com\/index.php\/wp-json\/wp\/v2\/comments?post=24"}],"version-history":[{"count":3,"href":"https:\/\/inankeskin.com\/index.php\/wp-json\/wp\/v2\/pages\/24\/revisions"}],"predecessor-version":[{"id":88,"href":"https:\/\/inankeskin.com\/index.php\/wp-json\/wp\/v2\/pages\/24\/revisions\/88"}],"up":[{"embeddable":true,"href":"https:\/\/inankeskin.com\/index.php\/wp-json\/wp\/v2\/pages\/14"}],"wp:attachment":[{"href":"https:\/\/inankeskin.com\/index.php\/wp-json\/wp\/v2\/media?parent=24"}],"curies":[{"name":"wp","href":"https:\/\/api.w.org\/{rel}","templated":true}]}}