{"id":94,"date":"2025-04-16T18:47:47","date_gmt":"2025-04-16T15:47:47","guid":{"rendered":"https:\/\/inankeskin.com\/?page_id=94"},"modified":"2025-04-16T19:01:26","modified_gmt":"2025-04-16T16:01:26","slug":"contact","status":"publish","type":"page","link":"https:\/\/inankeskin.com\/index.php\/contact\/","title":{"rendered":"Contact"},"content":{"rendered":"\n<p>Adres: Karab\u00fck \u00dcniversitesi M\u00fchendislik Fak\u00fcltesi \u0130n\u015faat M\u00fchendisli\u011fi B\u00f6l\u00fcm\u00fc Geoteknik Anabilim Dal\u0131 Ofis No 406 Karb\u00fck T\u00fcrkiye<\/p>\n\n\n\n<p>Tel: +90370 418 9602<\/p>\n\n\n\n<p>email: inankeskin@karabuk.edu.tr; inankeskin@gmail.com<\/p>\n\n\n\n<figure class=\"wp-block-embed is-provider-youtube wp-block-embed-youtube\"><div class=\"wp-block-embed__wrapper\">\nhttps:\/\/www.youtube.com\/@inan.keskin\n<\/div><\/figure>\n\n\n\n<figure class=\"wp-block-embed is-type-rich is-provider-twitter wp-block-embed-twitter\"><div class=\"wp-block-embed__wrapper\">\n<a class=\"twitter-timeline\" data-width=\"1200\" data-height=\"1000\" data-dnt=\"true\" href=\"https:\/\/twitter.com\/inan_keskin?ref_src=twsrc%5Etfw\">Tweets by inan_keskin<\/a><script async src=\"https:\/\/platform.twitter.com\/widgets.js\" charset=\"utf-8\"><\/script>\n<\/div><\/figure>\n\n\n\n<p><\/p>\n","protected":false},"excerpt":{"rendered":"<p>Adres: Karab\u00fck \u00dcniversitesi M\u00fchendislik Fak\u00fcltesi \u0130n\u015faat M\u00fchendisli\u011fi B\u00f6l\u00fcm\u00fc Geoteknik Anabilim Dal\u0131 Ofis No 406 Karb\u00fck T\u00fcrkiye Tel: +90370 418 9602 email: inankeskin@karabuk.edu.tr; inankeskin@gmail.com<\/p>\n","protected":false},"author":1,"featured_media":0,"parent":0,"menu_order":4,"comment_status":"closed","ping_status":"closed","template":"","meta":{"neve_meta_sidebar":"","neve_meta_container":"","neve_meta_enable_content_width":"","neve_meta_content_width":0,"neve_meta_title_alignment":"","neve_meta_author_avatar":"","neve_post_elements_order":"","neve_meta_disable_header":"","neve_meta_disable_footer":"","neve_meta_disable_title":"","footnotes":""},"class_list":["post-94","page","type-page","status-publish","hentry"],"_links":{"self":[{"href":"https:\/\/inankeskin.com\/index.php\/wp-json\/wp\/v2\/pages\/94","targetHints":{"allow":["GET"]}}],"collection":[{"href":"https:\/\/inankeskin.com\/index.php\/wp-json\/wp\/v2\/pages"}],"about":[{"href":"https:\/\/inankeskin.com\/index.php\/wp-json\/wp\/v2\/types\/page"}],"author":[{"embeddable":true,"href":"https:\/\/inankeskin.com\/index.php\/wp-json\/wp\/v2\/users\/1"}],"replies":[{"embeddable":true,"href":"https:\/\/inankeskin.com\/index.php\/wp-json\/wp\/v2\/comments?post=94"}],"version-history":[{"count":2,"href":"https:\/\/inankeskin.com\/index.php\/wp-json\/wp\/v2\/pages\/94\/revisions"}],"predecessor-version":[{"id":128,"href":"https:\/\/inankeskin.com\/index.php\/wp-json\/wp\/v2\/pages\/94\/revisions\/128"}],"wp:attachment":[{"href":"https:\/\/inankeskin.com\/index.php\/wp-json\/wp\/v2\/media?parent=94"}],"curies":[{"name":"wp","href":"https:\/\/api.w.org\/{rel}","templated":true}]}}